{"id":288,"date":"2024-10-06T08:49:08","date_gmt":"2024-10-06T08:49:08","guid":{"rendered":"https:\/\/www.marcosalvarez.me\/?page_id=288"},"modified":"2024-10-06T09:07:28","modified_gmt":"2024-10-06T09:07:28","slug":"contactez-moi","status":"publish","type":"page","link":"https:\/\/www.marcosalvarez.me\/?page_id=288&lang=fr","title":{"rendered":"CONTACTEZ-MOI"},"content":{"rendered":"\n<p>Je suis ouvert \u00e0 toutes vos questions concernant mon profil ou mes propositions. N&#8217;h\u00e9sitez pas \u00e0 me contacter par e-mail pour une discussion plus approfondie.<\/p>\n\n\n\n<div class=\"wp-block-buttons is-content-justification-center is-layout-flex wp-container-core-buttons-is-layout-16018d1d wp-block-buttons-is-layout-flex\">\n<div class=\"wp-block-button is-style-fill\"><a class=\"wp-block-button__link wp-element-button\" href=\"mailto: marcosgalvarez@gmail.com\">ENVOYER EMAIL<\/a><\/div>\n<\/div>\n","protected":false},"excerpt":{"rendered":"<p>Je suis ouvert \u00e0 toutes vos questions concernant mon profil ou mes propositions. N&#8217;h\u00e9sitez pas \u00e0 me contacter par e-mail &hellip; <a href=\"https:\/\/www.marcosalvarez.me\/?page_id=288&#038;lang=fr\" class=\"more-link\">Sigue leyendo <span class=\"screen-reader-text\">CONTACTEZ-MOI<\/span><\/a><\/p>\n","protected":false},"author":1,"featured_media":0,"parent":0,"menu_order":3,"comment_status":"closed","ping_status":"closed","template":"page-templates\/full-width.php","meta":{"footnotes":""},"class_list":["post-288","page","type-page","status-publish","hentry"],"jetpack_sharing_enabled":true,"_links":{"self":[{"href":"https:\/\/www.marcosalvarez.me\/index.php?rest_route=\/wp\/v2\/pages\/288","targetHints":{"allow":["GET"]}}],"collection":[{"href":"https:\/\/www.marcosalvarez.me\/index.php?rest_route=\/wp\/v2\/pages"}],"about":[{"href":"https:\/\/www.marcosalvarez.me\/index.php?rest_route=\/wp\/v2\/types\/page"}],"author":[{"embeddable":true,"href":"https:\/\/www.marcosalvarez.me\/index.php?rest_route=\/wp\/v2\/users\/1"}],"replies":[{"embeddable":true,"href":"https:\/\/www.marcosalvarez.me\/index.php?rest_route=%2Fwp%2Fv2%2Fcomments&post=288"}],"version-history":[{"count":2,"href":"https:\/\/www.marcosalvarez.me\/index.php?rest_route=\/wp\/v2\/pages\/288\/revisions"}],"predecessor-version":[{"id":296,"href":"https:\/\/www.marcosalvarez.me\/index.php?rest_route=\/wp\/v2\/pages\/288\/revisions\/296"}],"wp:attachment":[{"href":"https:\/\/www.marcosalvarez.me\/index.php?rest_route=%2Fwp%2Fv2%2Fmedia&parent=288"}],"curies":[{"name":"wp","href":"https:\/\/api.w.org\/{rel}","templated":true}]}}