{"id":286,"date":"2024-10-06T08:48:33","date_gmt":"2024-10-06T08:48:33","guid":{"rendered":"https:\/\/www.marcosalvarez.me\/?page_id=286"},"modified":"2024-10-06T09:08:24","modified_gmt":"2024-10-06T09:08:24","slug":"contactame","status":"publish","type":"page","link":"https:\/\/www.marcosalvarez.me\/?page_id=286&lang=es","title":{"rendered":"CONT\u00c1CTAME"},"content":{"rendered":"\n<p>Agradezco cualquier pregunta que tengas sobre mi perfil o propuestas. No dudes en ponerte en contacto conmigo por correo electr\u00f3nico para una discusi\u00f3n m\u00e1s profunda.<\/p>\n\n\n\n<div class=\"wp-block-buttons is-content-justification-center is-layout-flex wp-container-core-buttons-is-layout-16018d1d wp-block-buttons-is-layout-flex\">\n<div class=\"wp-block-button is-style-fill\"><a class=\"wp-block-button__link wp-element-button\" href=\"mailto: marcosgalvarez@gmail.com\">ENVIAR EMAIL<\/a><\/div>\n<\/div>\n","protected":false},"excerpt":{"rendered":"<p>Agradezco cualquier pregunta que tengas sobre mi perfil o propuestas. No dudes en ponerte en contacto conmigo por correo electr\u00f3nico &hellip; <a href=\"https:\/\/www.marcosalvarez.me\/?page_id=286&#038;lang=es\" class=\"more-link\">Sigue leyendo <span class=\"screen-reader-text\">CONT\u00c1CTAME<\/span><\/a><\/p>\n","protected":false},"author":1,"featured_media":0,"parent":0,"menu_order":3,"comment_status":"closed","ping_status":"closed","template":"page-templates\/full-width.php","meta":{"footnotes":""},"class_list":["post-286","page","type-page","status-publish","hentry"],"jetpack_sharing_enabled":true,"_links":{"self":[{"href":"https:\/\/www.marcosalvarez.me\/index.php?rest_route=\/wp\/v2\/pages\/286","targetHints":{"allow":["GET"]}}],"collection":[{"href":"https:\/\/www.marcosalvarez.me\/index.php?rest_route=\/wp\/v2\/pages"}],"about":[{"href":"https:\/\/www.marcosalvarez.me\/index.php?rest_route=\/wp\/v2\/types\/page"}],"author":[{"embeddable":true,"href":"https:\/\/www.marcosalvarez.me\/index.php?rest_route=\/wp\/v2\/users\/1"}],"replies":[{"embeddable":true,"href":"https:\/\/www.marcosalvarez.me\/index.php?rest_route=%2Fwp%2Fv2%2Fcomments&post=286"}],"version-history":[{"count":2,"href":"https:\/\/www.marcosalvarez.me\/index.php?rest_route=\/wp\/v2\/pages\/286\/revisions"}],"predecessor-version":[{"id":297,"href":"https:\/\/www.marcosalvarez.me\/index.php?rest_route=\/wp\/v2\/pages\/286\/revisions\/297"}],"wp:attachment":[{"href":"https:\/\/www.marcosalvarez.me\/index.php?rest_route=%2Fwp%2Fv2%2Fmedia&parent=286"}],"curies":[{"name":"wp","href":"https:\/\/api.w.org\/{rel}","templated":true}]}}