{"id":282,"date":"2024-10-06T08:45:13","date_gmt":"2024-10-06T08:45:13","guid":{"rendered":"https:\/\/www.marcosalvarez.me\/?page_id=282"},"modified":"2024-10-22T14:07:54","modified_gmt":"2024-10-22T14:07:54","slug":"competences-professionnelles","status":"publish","type":"page","link":"https:\/\/www.marcosalvarez.me\/?page_id=282&lang=fr","title":{"rendered":"COMP\u00c9TENCES PRO"},"content":{"rendered":"\n<h3 class=\"wp-block-heading\">Principaux domaines d&#8217;expertise<\/h3>\n\n\n\n<p><i class=\"fa-solid fa-star\" aria-hidden=\"true\"><\/i><i class=\"fa-solid fa-star\" aria-hidden=\"true\"><\/i><i class=\"fa-solid fa-star\" aria-hidden=\"true\"><\/i><i class=\"fa-solid fa-star\" aria-hidden=\"true\"><\/i> <strong>CAO industrielle<\/strong> pour la production<br><i class=\"fa-solid fa-star\" aria-hidden=\"true\"><\/i><i class=\"fa-solid fa-star\" aria-hidden=\"true\"><\/i><i class=\"fa-solid fa-star\" aria-hidden=\"true\"><\/i><i class=\"fa-solid fa-star\" aria-hidden=\"true\"><\/i> <strong>Prototypage manuel<\/strong><br><i class=\"fa-solid fa-star\" aria-hidden=\"true\"><\/i><i class=\"fa-solid fa-star\" aria-hidden=\"true\"><\/i><i class=\"fa-solid fa-star\" aria-hidden=\"true\"><\/i><i class=\"fa-solid fa-star\" aria-hidden=\"true\"><\/i> <strong>UX Design<\/strong><br><i class=\"fa-solid fa-star\" aria-hidden=\"true\"><\/i><i class=\"fa-solid fa-star\" aria-hidden=\"true\"><\/i><i class=\"fa-solid fa-star\" aria-hidden=\"true\"><\/i><i class=\"fa-solid fa-star\" aria-hidden=\"true\"><\/i> <strong>Infographie<\/strong><br><i class=\"fa-solid fa-star\" aria-hidden=\"true\"><\/i><i class=\"fa-solid fa-star\" aria-hidden=\"true\"><\/i><i class=\"fa-solid fa-star\" aria-hidden=\"true\"><\/i><i class=\"fa-solid fa-star\" aria-hidden=\"true\"><\/i> <strong>Branding<\/strong><br><i class=\"fa-solid fa-star\" aria-hidden=\"true\"><\/i><i class=\"fa-solid fa-star\" aria-hidden=\"true\"><\/i><i class=\"fa-solid fa-star\" aria-hidden=\"true\"><\/i><i class=\"fa-solid fa-star\" aria-hidden=\"true\"><\/i> <strong>Imagerie informatique<\/strong><br><i class=\"fa-solid fa-star\" aria-hidden=\"true\"><\/i><i class=\"fa-solid fa-star\" aria-hidden=\"true\"><\/i><i class=\"fa-solid fa-star\" aria-hidden=\"true\"><\/i><i class=\"fa-regular fa-star\" aria-hidden=\"true\"><\/i> <strong>Web<\/strong><br><i class=\"fa-solid fa-star\" aria-hidden=\"true\"><\/i><i class=\"fa-solid fa-star\" aria-hidden=\"true\"><\/i><i class=\"fa-regular fa-star\" aria-hidden=\"true\"><\/i><i class=\"fa-regular fa-star\" aria-hidden=\"true\"><\/i> <strong>Croquis \u00e0 la main<\/strong><\/p>\n\n\n\n<h3 class=\"wp-block-heading\">Software<\/h3>\n\n\n\n<h4 class=\"wp-block-heading\">CAO<\/h4>\n\n\n\n<p><i class=\"fa-solid fa-star\" aria-hidden=\"true\"><\/i><i class=\"fa-solid fa-star\" aria-hidden=\"true\"><\/i><i class=\"fa-solid fa-star\" aria-hidden=\"true\"><\/i><i class=\"fa-solid fa-star\" aria-hidden=\"true\"><\/i> PTC Creo<br><i class=\"fa-solid fa-star\" aria-hidden=\"true\"><\/i><i class=\"fa-solid fa-star\" aria-hidden=\"true\"><\/i><i class=\"fa-solid fa-star\" aria-hidden=\"true\"><\/i><i class=\"fa-solid fa-star\" aria-hidden=\"true\"><\/i> SolidWorks<br><i class=\"fa-solid fa-star\" aria-hidden=\"true\"><\/i><i class=\"fa-solid fa-star\" aria-hidden=\"true\"><\/i><i class=\"fa-solid fa-star\" aria-hidden=\"true\"><\/i><i class=\"fa-regular fa-star\" aria-hidden=\"true\"><\/i> AutoCAD<br><i class=\"fa-solid fa-star\" aria-hidden=\"true\"><\/i><i class=\"fa-solid fa-star\" aria-hidden=\"true\"><\/i><i class=\"fa-regular fa-star\" aria-hidden=\"true\"><\/i><i class=\"fa-regular fa-star\" aria-hidden=\"true\"><\/i> CATIA<\/p>\n\n\n\n<h4 class=\"wp-block-heading\">Adobe Creative Suite<\/h4>\n\n\n\n<p><i class=\"fa-solid fa-star\" aria-hidden=\"true\"><\/i><i class=\"fa-solid fa-star\" aria-hidden=\"true\"><\/i><i class=\"fa-solid fa-star\" aria-hidden=\"true\"><\/i><i class=\"fa-regular fa-star\" aria-hidden=\"true\"><\/i> Lightroom<br><i class=\"fa-solid fa-star\" aria-hidden=\"true\"><\/i><i class=\"fa-solid fa-star\" aria-hidden=\"true\"><\/i><i class=\"fa-solid fa-star\" aria-hidden=\"true\"><\/i><i class=\"fa-regular fa-star\" aria-hidden=\"true\"><\/i> Photoshop<br><i class=\"fa-solid fa-star\" aria-hidden=\"true\"><\/i><i class=\"fa-solid fa-star\" aria-hidden=\"true\"><\/i><i class=\"fa-regular fa-star\" aria-hidden=\"true\"><\/i><i class=\"fa-regular fa-star\" aria-hidden=\"true\"><\/i> Illustrator<br><i class=\"fa-solid fa-star\" aria-hidden=\"true\"><\/i><i class=\"fa-solid fa-star\" aria-hidden=\"true\"><\/i><i class=\"fa-regular fa-star\" aria-hidden=\"true\"><\/i><i class=\"fa-regular fa-star\" aria-hidden=\"true\"><\/i> InDesign<br><i class=\"fa-solid fa-star\" aria-hidden=\"true\"><\/i><i class=\"fa-solid fa-star\" aria-hidden=\"true\"><\/i><i class=\"fa-regular fa-star\" aria-hidden=\"true\"><\/i><i class=\"fa-regular fa-star\" aria-hidden=\"true\"><\/i> Premiere Pro<\/p>\n\n\n\n<h4 class=\"wp-block-heading\">Autre software<\/h4>\n\n\n\n<p><i class=\"fa-solid fa-star\" aria-hidden=\"true\"><\/i><i class=\"fa-solid fa-star\" aria-hidden=\"true\"><\/i><i class=\"fa-solid fa-star\" aria-hidden=\"true\"><\/i><i class=\"fa-solid fa-star\" aria-hidden=\"true\"><\/i> Aspire<br><i class=\"fa-solid fa-star\" aria-hidden=\"true\"><\/i><i class=\"fa-solid fa-star\" aria-hidden=\"true\"><\/i><i class=\"fa-solid fa-star\" aria-hidden=\"true\"><\/i><i class=\"fa-solid fa-star\" aria-hidden=\"true\"><\/i> FileZilla<br><i class=\"fa-solid fa-star\" aria-hidden=\"true\"><\/i><i class=\"fa-solid fa-star\" aria-hidden=\"true\"><\/i><i class=\"fa-solid fa-star\" aria-hidden=\"true\"><\/i><i class=\"fa-solid fa-star\" aria-hidden=\"true\"><\/i> Microsoft Office<br><i class=\"fa-solid fa-star\" aria-hidden=\"true\"><\/i><i class=\"fa-solid fa-star\" aria-hidden=\"true\"><\/i><i class=\"fa-solid fa-star\" aria-hidden=\"true\"><\/i><i class=\"fa-regular fa-star\" aria-hidden=\"true\"><\/i> WordPress<br><i class=\"fa-solid fa-star\" aria-hidden=\"true\"><\/i><i class=\"fa-solid fa-star\" aria-hidden=\"true\"><\/i><i class=\"fa-solid fa-star\" aria-hidden=\"true\"><\/i><i class=\"fa-regular fa-star\" aria-hidden=\"true\"><\/i> QElectroTech<\/p>\n\n\n\n<h3 class=\"wp-block-heading\">Connaissances de base<\/h3>\n\n\n\n<p>J&#8217;ai de l&#8217;exp\u00e9rience \u00e0 travailler avec&#8230; (et \u00e0 comprendre le langage et les contraintes) :<\/p>\n\n\n\n<ul class=\"wp-block-list\">\n<li>Ing\u00e9nieurs en \u00e9lectronique (designers de mat\u00e9riel)<\/li>\n\n\n\n<li>Ing\u00e9nieurs en automatisation<\/li>\n\n\n\n<li>Fabricants industriels (moulage par injection, usinage, etc.)<\/li>\n\n\n\n<li>Entreprises d&#8217;impression<\/li>\n\n\n\n<li>Marketers<\/li>\n\n\n\n<li>Community managers<\/li>\n<\/ul>\n","protected":false},"excerpt":{"rendered":"<p>Principaux domaines d&#8217;expertise CAO industrielle pour la production Prototypage manuel UX Design Infographie Branding Imagerie informatique Web Croquis \u00e0 la &hellip; <a href=\"https:\/\/www.marcosalvarez.me\/?page_id=282&#038;lang=fr\" class=\"more-link\">Sigue leyendo <span class=\"screen-reader-text\">COMP\u00c9TENCES PRO<\/span><\/a><\/p>\n","protected":false},"author":1,"featured_media":0,"parent":0,"menu_order":2,"comment_status":"closed","ping_status":"closed","template":"page-templates\/full-width.php","meta":{"footnotes":""},"class_list":["post-282","page","type-page","status-publish","hentry"],"jetpack_sharing_enabled":true,"_links":{"self":[{"href":"https:\/\/www.marcosalvarez.me\/index.php?rest_route=\/wp\/v2\/pages\/282","targetHints":{"allow":["GET"]}}],"collection":[{"href":"https:\/\/www.marcosalvarez.me\/index.php?rest_route=\/wp\/v2\/pages"}],"about":[{"href":"https:\/\/www.marcosalvarez.me\/index.php?rest_route=\/wp\/v2\/types\/page"}],"author":[{"embeddable":true,"href":"https:\/\/www.marcosalvarez.me\/index.php?rest_route=\/wp\/v2\/users\/1"}],"replies":[{"embeddable":true,"href":"https:\/\/www.marcosalvarez.me\/index.php?rest_route=%2Fwp%2Fv2%2Fcomments&post=282"}],"version-history":[{"count":4,"href":"https:\/\/www.marcosalvarez.me\/index.php?rest_route=\/wp\/v2\/pages\/282\/revisions"}],"predecessor-version":[{"id":423,"href":"https:\/\/www.marcosalvarez.me\/index.php?rest_route=\/wp\/v2\/pages\/282\/revisions\/423"}],"wp:attachment":[{"href":"https:\/\/www.marcosalvarez.me\/index.php?rest_route=%2Fwp%2Fv2%2Fmedia&parent=282"}],"curies":[{"name":"wp","href":"https:\/\/api.w.org\/{rel}","templated":true}]}}