{"id":280,"date":"2024-10-06T08:44:34","date_gmt":"2024-10-06T08:44:34","guid":{"rendered":"https:\/\/www.marcosalvarez.me\/?page_id=280"},"modified":"2024-10-06T09:11:57","modified_gmt":"2024-10-06T09:11:57","slug":"habilidades-profesionales","status":"publish","type":"page","link":"https:\/\/www.marcosalvarez.me\/?page_id=280&lang=es","title":{"rendered":"HABILIDADES PROFESIONALES"},"content":{"rendered":"\n<h3 class=\"wp-block-heading\">Principales campos de especializaci\u00f3n<\/h3>\n\n\n\n<p><i class=\"fa-solid fa-star\" aria-hidden=\"true\"><\/i><i class=\"fa-solid fa-star\" aria-hidden=\"true\"><\/i><i class=\"fa-solid fa-star\" aria-hidden=\"true\"><\/i><i class=\"fa-solid fa-star\" aria-hidden=\"true\"><\/i> <strong>CAD industrial<\/strong> para producci\u00f3n<br><i class=\"fa-solid fa-star\" aria-hidden=\"true\"><\/i><i class=\"fa-solid fa-star\" aria-hidden=\"true\"><\/i><i class=\"fa-solid fa-star\" aria-hidden=\"true\"><\/i><i class=\"fa-solid fa-star\" aria-hidden=\"true\"><\/i> <strong>Prototipado manual<\/strong><br><i class=\"fa-solid fa-star\" aria-hidden=\"true\"><\/i><i class=\"fa-solid fa-star\" aria-hidden=\"true\"><\/i><i class=\"fa-solid fa-star\" aria-hidden=\"true\"><\/i><i class=\"fa-solid fa-star\" aria-hidden=\"true\"><\/i> <strong>Dise\u00f1o de experiencia de usuario<\/strong><br><i class=\"fa-solid fa-star\" aria-hidden=\"true\"><\/i><i class=\"fa-solid fa-star\" aria-hidden=\"true\"><\/i><i class=\"fa-solid fa-star\" aria-hidden=\"true\"><\/i><i class=\"fa-solid fa-star\" aria-hidden=\"true\"><\/i> <strong>Infograf\u00eda<\/strong><br><i class=\"fa-solid fa-star\" aria-hidden=\"true\"><\/i><i class=\"fa-solid fa-star\" aria-hidden=\"true\"><\/i><i class=\"fa-solid fa-star\" aria-hidden=\"true\"><\/i><i class=\"fa-solid fa-star\" aria-hidden=\"true\"><\/i> <strong>Branding<\/strong><br><i class=\"fa-solid fa-star\" aria-hidden=\"true\"><\/i><i class=\"fa-solid fa-star\" aria-hidden=\"true\"><\/i><i class=\"fa-solid fa-star\" aria-hidden=\"true\"><\/i><i class=\"fa-solid fa-star\" aria-hidden=\"true\"><\/i> <strong>Im\u00e1genes generadas por ordenador<\/strong><br><i class=\"fa-solid fa-star\" aria-hidden=\"true\"><\/i><i class=\"fa-solid fa-star\" aria-hidden=\"true\"><\/i><i class=\"fa-solid fa-star\" aria-hidden=\"true\"><\/i><i class=\"fa-regular fa-star\" aria-hidden=\"true\"><\/i> <strong>Web<\/strong><br><i class=\"fa-solid fa-star\" aria-hidden=\"true\"><\/i><i class=\"fa-solid fa-star\" aria-hidden=\"true\"><\/i><i class=\"fa-regular fa-star\" aria-hidden=\"true\"><\/i><i class=\"fa-regular fa-star\" aria-hidden=\"true\"><\/i> <strong>Boceto a mano<\/strong><\/p>\n\n\n\n<h3 class=\"wp-block-heading\">Software<\/h3>\n\n\n\n<h4 class=\"wp-block-heading\">CAD<\/h4>\n\n\n\n<p><i class=\"fa-solid fa-star\" aria-hidden=\"true\"><\/i><i class=\"fa-solid fa-star\" aria-hidden=\"true\"><\/i><i class=\"fa-solid fa-star\" aria-hidden=\"true\"><\/i><i class=\"fa-solid fa-star\" aria-hidden=\"true\"><\/i> PTC Creo<br><i class=\"fa-solid fa-star\" aria-hidden=\"true\"><\/i><i class=\"fa-solid fa-star\" aria-hidden=\"true\"><\/i><i class=\"fa-solid fa-star\" aria-hidden=\"true\"><\/i><i class=\"fa-solid fa-star\" aria-hidden=\"true\"><\/i> SolidWorks<br><i class=\"fa-solid fa-star\" aria-hidden=\"true\"><\/i><i class=\"fa-solid fa-star\" aria-hidden=\"true\"><\/i><i class=\"fa-solid fa-star\" aria-hidden=\"true\"><\/i><i class=\"fa-regular fa-star\" aria-hidden=\"true\"><\/i> AutoCAD<br><i class=\"fa-solid fa-star\" aria-hidden=\"true\"><\/i><i class=\"fa-solid fa-star\" aria-hidden=\"true\"><\/i><i class=\"fa-regular fa-star\" aria-hidden=\"true\"><\/i><i class=\"fa-regular fa-star\" aria-hidden=\"true\"><\/i> CATIA<\/p>\n\n\n\n<h4 class=\"wp-block-heading\">Adobe Creative Suite<\/h4>\n\n\n\n<p><i class=\"fa-solid fa-star\" aria-hidden=\"true\"><\/i><i class=\"fa-solid fa-star\" aria-hidden=\"true\"><\/i><i class=\"fa-solid fa-star\" aria-hidden=\"true\"><\/i><i class=\"fa-regular fa-star\" aria-hidden=\"true\"><\/i> Lightroom<br><i class=\"fa-solid fa-star\" aria-hidden=\"true\"><\/i><i class=\"fa-solid fa-star\" aria-hidden=\"true\"><\/i><i class=\"fa-solid fa-star\" aria-hidden=\"true\"><\/i><i class=\"fa-regular fa-star\" aria-hidden=\"true\"><\/i> Photoshop<br><i class=\"fa-solid fa-star\" aria-hidden=\"true\"><\/i><i class=\"fa-solid fa-star\" aria-hidden=\"true\"><\/i><i class=\"fa-regular fa-star\" aria-hidden=\"true\"><\/i><i class=\"fa-regular fa-star\" aria-hidden=\"true\"><\/i> Illustrator<br><i class=\"fa-solid fa-star\" aria-hidden=\"true\"><\/i><i class=\"fa-solid fa-star\" aria-hidden=\"true\"><\/i><i class=\"fa-regular fa-star\" aria-hidden=\"true\"><\/i><i class=\"fa-regular fa-star\" aria-hidden=\"true\"><\/i> InDesign<br><i class=\"fa-solid fa-star\" aria-hidden=\"true\"><\/i><i class=\"fa-solid fa-star\" aria-hidden=\"true\"><\/i><i class=\"fa-regular fa-star\" aria-hidden=\"true\"><\/i><i class=\"fa-regular fa-star\" aria-hidden=\"true\"><\/i> Premiere Pro<\/p>\n\n\n\n<h4 class=\"wp-block-heading\">Otro software<\/h4>\n\n\n\n<p><i class=\"fa-solid fa-star\" aria-hidden=\"true\"><\/i><i class=\"fa-solid fa-star\" aria-hidden=\"true\"><\/i><i class=\"fa-solid fa-star\" aria-hidden=\"true\"><\/i><i class=\"fa-solid fa-star\" aria-hidden=\"true\"><\/i> Aspire<br><i class=\"fa-solid fa-star\" aria-hidden=\"true\"><\/i><i class=\"fa-solid fa-star\" aria-hidden=\"true\"><\/i><i class=\"fa-solid fa-star\" aria-hidden=\"true\"><\/i><i class=\"fa-solid fa-star\" aria-hidden=\"true\"><\/i> FileZilla<br><i class=\"fa-solid fa-star\" aria-hidden=\"true\"><\/i><i class=\"fa-solid fa-star\" aria-hidden=\"true\"><\/i><i class=\"fa-solid fa-star\" aria-hidden=\"true\"><\/i><i class=\"fa-solid fa-star\" aria-hidden=\"true\"><\/i> Microsoft Office<br><i class=\"fa-solid fa-star\" aria-hidden=\"true\"><\/i><i class=\"fa-solid fa-star\" aria-hidden=\"true\"><\/i><i class=\"fa-solid fa-star\" aria-hidden=\"true\"><\/i><i class=\"fa-regular fa-star\" aria-hidden=\"true\"><\/i> WordPress<br><i class=\"fa-solid fa-star\" aria-hidden=\"true\"><\/i><i class=\"fa-solid fa-star\" aria-hidden=\"true\"><\/i><i class=\"fa-solid fa-star\" aria-hidden=\"true\"><\/i><i class=\"fa-regular fa-star\" aria-hidden=\"true\"><\/i> QElectroTech<\/p>\n\n\n\n<h3 class=\"wp-block-heading\">Conocimientos b\u00e1sicos<\/h3>\n\n\n\n<p>Tengo experiencia trabajando con (y entendiendo el lenguaje y las limitaciones de):<\/p>\n\n\n\n<ul class=\"wp-block-list\">\n<li>Ingenieros electr\u00f3nicos (dise\u00f1adores de hardware)<\/li>\n\n\n\n<li>Ingenieros de automatizaci\u00f3n<\/li>\n\n\n\n<li>Fabricantes industriales (moldeo por inyecci\u00f3n, mecanizado, etc.)<\/li>\n\n\n\n<li>Empresas de impresi\u00f3n<\/li>\n\n\n\n<li>Especialistas en marketing<\/li>\n\n\n\n<li>Community managers<\/li>\n<\/ul>\n","protected":false},"excerpt":{"rendered":"<p>Principales campos de especializaci\u00f3n CAD industrial para producci\u00f3n Prototipado manual Dise\u00f1o de experiencia de usuario Infograf\u00eda Branding Im\u00e1genes generadas por &hellip; <a href=\"https:\/\/www.marcosalvarez.me\/?page_id=280&#038;lang=es\" class=\"more-link\">Sigue leyendo <span class=\"screen-reader-text\">HABILIDADES PROFESIONALES<\/span><\/a><\/p>\n","protected":false},"author":1,"featured_media":0,"parent":0,"menu_order":2,"comment_status":"closed","ping_status":"closed","template":"page-templates\/full-width.php","meta":{"footnotes":""},"class_list":["post-280","page","type-page","status-publish","hentry"],"jetpack_sharing_enabled":true,"_links":{"self":[{"href":"https:\/\/www.marcosalvarez.me\/index.php?rest_route=\/wp\/v2\/pages\/280","targetHints":{"allow":["GET"]}}],"collection":[{"href":"https:\/\/www.marcosalvarez.me\/index.php?rest_route=\/wp\/v2\/pages"}],"about":[{"href":"https:\/\/www.marcosalvarez.me\/index.php?rest_route=\/wp\/v2\/types\/page"}],"author":[{"embeddable":true,"href":"https:\/\/www.marcosalvarez.me\/index.php?rest_route=\/wp\/v2\/users\/1"}],"replies":[{"embeddable":true,"href":"https:\/\/www.marcosalvarez.me\/index.php?rest_route=%2Fwp%2Fv2%2Fcomments&post=280"}],"version-history":[{"count":3,"href":"https:\/\/www.marcosalvarez.me\/index.php?rest_route=\/wp\/v2\/pages\/280\/revisions"}],"predecessor-version":[{"id":299,"href":"https:\/\/www.marcosalvarez.me\/index.php?rest_route=\/wp\/v2\/pages\/280\/revisions\/299"}],"wp:attachment":[{"href":"https:\/\/www.marcosalvarez.me\/index.php?rest_route=%2Fwp%2Fv2%2Fmedia&parent=280"}],"curies":[{"name":"wp","href":"https:\/\/api.w.org\/{rel}","templated":true}]}}