{"id":275,"date":"2024-10-06T08:39:51","date_gmt":"2024-10-06T08:39:51","guid":{"rendered":"https:\/\/www.marcosalvarez.me\/?page_id=275"},"modified":"2024-10-16T13:33:55","modified_gmt":"2024-10-16T13:33:55","slug":"apropos-cv","status":"publish","type":"page","link":"https:\/\/www.marcosalvarez.me\/?page_id=275&lang=fr","title":{"rendered":"A PROPOS \/ CV"},"content":{"rendered":"\n<h3 class=\"wp-block-heading\">36 ans,&nbsp;<strong>concepteur industriel<\/strong>, expert en CAO.<br>+5 ans d&#8217;exp\u00e9rience dans des start-ups innovantes.<\/h3>\n\n\n\n<h4 class=\"wp-block-heading\"><br>Construire des ponts par le design<\/h4>\n\n\n\n<p>Ma formation a commenc\u00e9 \u00e0 Valladolid, en Espagne, o\u00f9 j&#8217;ai nourri mon esprit cr\u00e9atif gr\u00e2ce \u00e0 une \u00e9ducation publique au lyc\u00e9e. Pouss\u00e9 par le d\u00e9sir de traduire des id\u00e9es \u00e0 travers les cultures, j&#8217;ai entrepris un voyage d&#8217;apprentissage des langues, devenant ainsi bilingue en anglais et en fran\u00e7ais. Cette ma\u00eetrise des langues d\u00e9coule \u00e0 la fois de mes nombreux voyages et de ma vie \u00e0 l&#8217;\u00e9tranger, dont une d\u00e9cennie pass\u00e9e en France, impr\u00e9gn\u00e9 de sa riche culture.<\/p>\n\n\n\n<p>En 2023, j&#8217;ai termin\u00e9 ce parcours en obtenant une licence (bac+3) en Design Industriel \u00e0 3iS Executive \u00e0 Lyon, France. Actuellement, je r\u00e9side toujours en France, mettant mes comp\u00e9tences en design et ma ma\u00eetrise des langues au service de nouveaux d\u00e9fis et opportunit\u00e9s.<\/p>\n\n\n\n<h4 class=\"wp-block-heading\">Exp\u00e9riences professionnelles<\/h4>\n\n\n\n<ul class=\"wp-block-list\">\n<li><strong>2024-Actuellement\u00a0: Technicien d&#8217;essais R&amp;D <\/strong><br>\u00e0 ARaymond Energies (~20 personnes) <br>Grenoble &#8211; 38, France<\/li>\n\n\n\n<li><strong>2023-2024\u00a0:<\/strong>\u00a0Concepteur industriel \/ Chef de projet<br>\u00e0 E.C.La (&lt;5 personnes) <br>Villard-Bonnot &#8211; 38, France<\/li>\n\n\n\n<li><strong>2020-2023\u00a0:<\/strong> Responsable technique<br>chez\u00a0SERIAL-Kombi (~25 personnes)<br>Le Versoud &#8211; 38, France<\/li>\n\n\n\n<li><strong>2016-2020\u00a0:<\/strong> G\u00e9rant \/ Concepteur industriel<br>chez Nomad Campers (&lt;5 personnes)<br>Tournay &#8211; 65, France<\/li>\n<\/ul>\n\n\n\n<h3 class=\"wp-block-heading\">\u00c0 propos de moi<\/h3>\n\n\n\n<p>D\u00e8s mon plus jeune \u00e2ge, j&#8217;ai d\u00e9velopp\u00e9 un fort int\u00e9r\u00eat pour la r\u00e9solution de probl\u00e8mes et la pens\u00e9e analytique, qui a naturellement \u00e9volu\u00e9 vers une passion pour le design. Plut\u00f4t que de suivre un chemin purement technique, je me suis orient\u00e9 vers le design industriel, o\u00f9 je pouvais combiner cr\u00e9ativit\u00e9 et fonctionnalit\u00e9 pour cr\u00e9er des produits significatifs.<\/p>\n\n\n\n<p>Ma fascination pour la conception de vans am\u00e9nag\u00e9s a marqu\u00e9 le d\u00e9but de ma carri\u00e8re, suscitant un vif int\u00e9r\u00eat pour tout le processus de d\u00e9veloppement produit, de l&#8217;id\u00e9e \u00e0 la production. Cela m&#8217;a conduit \u00e0 travailler dans de petites entreprises, o\u00f9 j&#8217;ai acquis une exp\u00e9rience pratique dans divers domaines du design, y compris le prototypage et l&#8217;int\u00e9gration des retours des utilisateurs. En 2014, j&#8217;ai r\u00e9alis\u00e9 mon r\u00eave de m&#8217;installer en France, o\u00f9 les montagnes ont nourri ma passion pour le snowboard, le v\u00e9lo et l&#8217;escalade. Ce d\u00e9m\u00e9nagement m&#8217;a aussi permis de travailler en \u00e9troite collaboration avec les utilisateurs, collectant leurs avis pour affiner et am\u00e9liorer les conceptions des produits.<\/p>\n\n\n\n<p>Apr\u00e8s six ans dans l&#8217;industrie des vans am\u00e9nag\u00e9s, SERIAL-Kombi, un acteur cl\u00e9 dans le domaine, m&#8217;a propos\u00e9 de rejoindre leur \u00e9quipe de d\u00e9veloppement. Pendant les quatre ann\u00e9es suivantes, j&#8217;ai contribu\u00e9 \u00e0 des projets innovants, alliant mon expertise en design \u00e0 ma passion pour l&#8217;industrie.<\/p>\n\n\n\n<p>Au sein de l&#8217;\u00e9quipe R&amp;D de SERIAL-Kombi, j&#8217;ai dirig\u00e9 des parties importantes du processus de d\u00e9veloppement de vans am\u00e9nag\u00e9s, restant \u00e0 la pointe de l&#8217;innovation. Cependant, en 2023, en raison de changements organisationnels, l&#8217;entreprise a subi une restructuration. Voyant cela comme une opportunit\u00e9, j&#8217;ai d\u00e9cid\u00e9 de formaliser mes comp\u00e9tences avec un dipl\u00f4me professionnel, consacrant le reste de 2023 et une partie de 2024 \u00e0 la fois \u00e0 la formation et au travail, pour finalement obtenir un dipl\u00f4me de Technicien sup\u00e9rieur en conception industrielle de syst\u00e8mes m\u00e9caniques.<\/p>\n\n\n\n<p>Pendant ce temps-l\u00e0, j&#8217;ai rejoint E.C.La., une entreprise sp\u00e9cialis\u00e9e dans l&#8217;\u00e9quipement de laboratoire, o\u00f9 j&#8217;ai eu l&#8217;opportunit\u00e9 passionnante de diriger leur d\u00e9partement technique. Bien que ma carri\u00e8re ait pris de nouvelles directions, le design de vans am\u00e9nag\u00e9s reste un hobby que je continue \u00e0 appr\u00e9cier pendant mon temps libre.<\/p>\n\n\n\n<h4 class=\"wp-block-heading\">Loisirs<\/h4>\n\n\n\n<ul class=\"wp-block-list\">\n<li>Passionn\u00e9 de technologie. J&#8217;aime explorer de nouvelles technologies comme l&#8217;IoT, la r\u00e9alit\u00e9 augment\u00e9e (AR) et la r\u00e9alit\u00e9 virtuelle (VR), repoussant constamment les limites de l&#8217;innovation.<\/li>\n\n\n\n<li>Bricoleur dans l&#8217;\u00e2me. De l&#8217;impression 3D \u00e0 la sculpture et \u00e0 la conception CAO, j&#8217;adore concr\u00e9tiser des id\u00e9es \u00e0 travers des projets pratiques.<\/li>\n\n\n\n<li>Explorateur de logiciels. Je prends plaisir \u00e0 tester de nouveaux logiciels, restant \u00e0 la pointe du monde num\u00e9rique.<\/li>\n\n\n\n<li>Sensations \u00e0 deux roues. Le v\u00e9lo est mon moyen pr\u00e9f\u00e9r\u00e9 d&#8217;explorer la nature, tandis que le snowboard me procure une mont\u00e9e d&#8217;adr\u00e9naline hivernale.<\/li>\n\n\n\n<li>De fil en aiguille. La couture me permet d&#8217;exprimer ma cr\u00e9ativit\u00e9 \u00e0 travers les textiles.<\/li>\n\n\n\n<li>Passionn\u00e9 de vintage. Poss\u00e9der et restaurer des vans VW vintage comme mon T3 Syncro \u201cDoka\u201d de 1987 et mon Caravelle Syncro LWB de 1998 alimentent ma passion pour le design et la route.<\/li>\n\n\n\n<li>Bricolage \u00e0 la maison. R\u00e9nover et am\u00e9liorer ma maison me permet de combiner cr\u00e9ativit\u00e9 et praticit\u00e9.<\/li>\n<\/ul>\n\n\n\n<h4 class=\"wp-block-heading\">Bon \u00e0 savoir<\/h4>\n\n\n\n<p>\u00c9co-conscient, je fais mes trajets quotidiens toute l&#8217;ann\u00e9e sur mon fid\u00e8le v\u00e9lo gravel, adoptant un style de vie actif et durable.<br>Mari\u00e9 et heureux de construire une vie ensemble, avec un avenir ouvert \u00e0 de nouvelles aventures.<br>Je r\u00e9side actuellement \u00e0 Villard-Bonnot, France (38), profitant de la beaut\u00e9 de la r\u00e9gion.<\/p>\n","protected":false},"excerpt":{"rendered":"<p>36 ans,&nbsp;concepteur industriel, expert en CAO.+5 ans d&#8217;exp\u00e9rience dans des start-ups innovantes. Construire des ponts par le design Ma formation &hellip; <a href=\"https:\/\/www.marcosalvarez.me\/?page_id=275&#038;lang=fr\" class=\"more-link\">Sigue leyendo <span class=\"screen-reader-text\">A PROPOS \/ CV<\/span><\/a><\/p>\n","protected":false},"author":1,"featured_media":0,"parent":0,"menu_order":1,"comment_status":"closed","ping_status":"closed","template":"page-templates\/full-width.php","meta":{"footnotes":""},"class_list":["post-275","page","type-page","status-publish","hentry"],"jetpack_sharing_enabled":true,"_links":{"self":[{"href":"https:\/\/www.marcosalvarez.me\/index.php?rest_route=\/wp\/v2\/pages\/275","targetHints":{"allow":["GET"]}}],"collection":[{"href":"https:\/\/www.marcosalvarez.me\/index.php?rest_route=\/wp\/v2\/pages"}],"about":[{"href":"https:\/\/www.marcosalvarez.me\/index.php?rest_route=\/wp\/v2\/types\/page"}],"author":[{"embeddable":true,"href":"https:\/\/www.marcosalvarez.me\/index.php?rest_route=\/wp\/v2\/users\/1"}],"replies":[{"embeddable":true,"href":"https:\/\/www.marcosalvarez.me\/index.php?rest_route=%2Fwp%2Fv2%2Fcomments&post=275"}],"version-history":[{"count":11,"href":"https:\/\/www.marcosalvarez.me\/index.php?rest_route=\/wp\/v2\/pages\/275\/revisions"}],"predecessor-version":[{"id":382,"href":"https:\/\/www.marcosalvarez.me\/index.php?rest_route=\/wp\/v2\/pages\/275\/revisions\/382"}],"wp:attachment":[{"href":"https:\/\/www.marcosalvarez.me\/index.php?rest_route=%2Fwp%2Fv2%2Fmedia&parent=275"}],"curies":[{"name":"wp","href":"https:\/\/api.w.org\/{rel}","templated":true}]}}